{"id":116,"date":"2018-12-21T01:13:51","date_gmt":"2018-12-21T01:13:51","guid":{"rendered":"http:\/\/break-the-wall.de\/?page_id=116"},"modified":"2018-12-21T01:13:51","modified_gmt":"2018-12-21T01:13:51","slug":"datenschutzerklaerung","status":"publish","type":"page","link":"https:\/\/break-the-wall.de\/?page_id=116","title":{"rendered":"Datenschutzerkl\u00e4rung"},"content":{"rendered":"\n<p>1. D a t e ns c h u t z au f einen Blic k<\/p>\n\n\n\n<p>Allg e m eine Hinw eis e<\/p>\n\n\n\n<p>Die folgenden Hinweise geben einen einfachen \u00dcberblick\ndar\u00fcber, was mit Ihren personenbezogenen Daten passiert, wenn Sie unsere\nWebsite besuchen. Personenbezogene Daten sind alle Daten, mit denen Sie\npers\u00f6nlich identifiziert werden k\u00f6nnen. Ausf\u00fchrliche Informationen zum Thema\nDatenschutz entnehmen Sie unserer unter diesem Text aufgef\u00fchrten\nDatenschutzerkl\u00e4rung.<\/p>\n\n\n\n<p>D a t e ner f as s u ng au f u ns e r e r W e b sit e<\/p>\n\n\n\n<p>Wer ist verantwortlich f\u00fcr die Datenerfassung auf dieser\nWebsite?<\/p>\n\n\n\n<p>Die Datenverarbeitung auf dieser Website erfolgt durch den\nWebsitebetreiber. Dessen Kontaktdaten k\u00f6nnen Sie dem Impressum dieser Website\nentnehmen.<\/p>\n\n\n\n<p>Wie erfassen wir Ihre Daten?<\/p>\n\n\n\n<p>Ihre Daten werden zum einen dadurch erhoben, dass Sie uns\ndiese mitteilen. Hierbei kann es sich z.B. um Daten handeln, die Sie in ein\nKontaktformular eingeben.<\/p>\n\n\n\n<p>Andere Daten werden automatisch beim Besuch der Website\ndurch unsere IT-Systeme erfasst. Das sind vor allem technische Daten (z.B.\nInternetbrowser, Betriebssystem oder Uhrzeit des Seitenaufrufs). Die Erfassung\ndieser Daten erfolgt automatisch, sobald Sie unsere Website betreten.<\/p>\n\n\n\n<p>Wof\u00fcr nutzen wir Ihre Daten?<\/p>\n\n\n\n<p>Ein Teil der Daten wird erhoben, um eine fehlerfreie\nBereitstellung der Website zu gew\u00e4hrleisten. Andere Daten k\u00f6nnen zur Analyse\nIhres Nutzerverhaltens verwendet werden.<\/p>\n\n\n\n<p>Welche Rechte haben Sie bez\u00fcglich Ihrer Daten?<\/p>\n\n\n\n<p>Sie haben jederzeit das Recht unentgeltlich Auskun \u00fcber\nHerkun, Empf\u00e4nger und Zweck Ihrer gespeicherten personenbezogenen Daten zu\nerhalten. Sie haben au\u00dferdem ein Recht, die Berichtigung, Sperrung oder\nL\u00f6schung dieser Daten zu verlangen. Hierzu sowie zu weiteren Fragen zum Thema\nDatenschutz k\u00f6nnen Sie sich jederzeit unter der im Impressum angegebenen\nAdresse an uns wenden. Des Weiteren steht Ihnen ein Beschwerderecht bei der\nzust\u00e4ndigen Aufsichtsbeh\u00f6rde zu.<\/p>\n\n\n\n<p>2. Allg e m eine Hinw eis e u nd P flic h tinf o r m a tio\nne n<\/p>\n\n\n\n<p>D a t e ns c h u t z<\/p>\n\n\n\n<p>Die Betreiber dieser Seiten nehmen den Schutz Ihrer\npers\u00f6nlichen Daten sehr ernst. Wir behandeln Ihre personenbezogenen Daten\nvertraulich und entsprechend der gesetzlichen Datenschutzvorschrien sowie\ndieser Datenschutzerkl\u00e4rung.<\/p>\n\n\n\n<p>Wenn Sie diese Website benutzen, werden verschiedene\npersonenbezogene Daten erhoben. Personenbezogene Daten sind Daten, mit denen\nSie pers\u00f6nlich identifiziert werden k\u00f6nnen. Die vorliegende\nDatenschutzerkl\u00e4rung erl\u00e4utert, welche Daten wir erheben und wof\u00fcr wir sie\nnutzen. Sie erl\u00e4utert auch, wie und zu welchem Zweck das geschieht.<\/p>\n\n\n\n<p>Wir weisen darauf hin, dass die Daten\u00fcbertragung im Internet\n(z.B. bei der Kommunikation per E-Mail) Sicherheitsl\u00fccken aufweisen kann. Ein\nl\u00fcckenloser Schutz der Daten vor dem Zugri durch Dritte ist nicht m\u00f6glich.<\/p>\n\n\n\n<p>Hinw eis z u r v e r ant w o r tlic h e n S t elle<\/p>\n\n\n\n<p>Die verantwortliche Stelle f\u00fcr die Datenverarbeitung auf\ndieser Website ist:<\/p>\n\n\n\n<p>Jan-Simon Uhle Rimbertweg 5c 22529 Hamburg<\/p>\n\n\n\n<p>Telefon: 040 \/ 59 45 82 52 E-Mail: info@break-the-wall.de<\/p>\n\n\n\n<p>Verantwortliche Stelle ist die nat\u00fcrliche oder juristische\nPerson, die allein oder gemeinsam mit anderen \u00fcber die Zwecke und Mittel der\nVerarbeitung von personenbezogenen Daten (z.B. Namen, E-Mail-Adressen o. \u00c4.)\nentscheidet.<\/p>\n\n\n\n<p>Wid e r r u f I h r e r Einwilligu ng z u r D a t e nv e r a\nr b eit u ng<\/p>\n\n\n\n<p>Viele Datenverarbeitungsvorg\u00e4nge sind nur mit Ihrer\nausdr\u00fccklichen Einwilligung m\u00f6glich. Sie k\u00f6nnen eine bereits erteilte Einwilligung\njederzeit widerrufen. Dazu reicht eine formlose Mitteilung per E-Mail an uns.\nDie Rechtm\u00e4\u00dfigkeit der bis zum Widerruf erfolgten Datenverarbeitung bleibt vom\nWiderruf unber\u00fchrt.<\/p>\n\n\n\n<p>R e c h t au f D a t e n\u00fc b e r t r agb ar k eit<\/p>\n\n\n\n<p>Sie haben das Recht, Daten, die wir auf Grundlage Ihrer\nEinwilligung oder in Erf\u00fcllung eines Vertrags automatisiert verarbeiten, an\nsich oder an einen Dritten in einem g\u00e4ngigen, maschinenlesbaren Format\naush\u00e4ndigen zu lassen. Sofern Sie die direkte \u00dcbertragung der Daten an einen\nanderen Verantwortlichen verlangen, erfolgt dies nur, soweit es technisch\nmachbar ist.<\/p>\n\n\n\n<p>A u s k u n , S p e r r u ng, L \u00f6 s c h u ng<\/p>\n\n\n\n<p>Sie haben im Rahmen der geltenden gesetzlichen Bestimmungen\njederzeit das Recht auf unentgeltliche Auskun \u00fcber Ihre gespeicherten\npersonenbezogenen Daten, deren Herkun und Empf\u00e4nger und den Zweck der\nDatenverarbeitung und ggf. ein Recht auf Berichtigung, Sperrung oder L\u00f6schung\ndieser Daten. Hierzu sowie zu weiteren Fragen zum Thema personenbezogene Daten\nk\u00f6nnen Sie sich jederzeit unter der im Impressum angegebenen Adresse an uns\nwenden.<\/p>\n\n\n\n<p>3. D a t e ner f as s u ng au f u ns e r e r W e b sit e<\/p>\n\n\n\n<p>C o o kie s<\/p>\n\n\n\n<p>Die Internetseiten verwenden teilweise so genannte Cookies.\nCookies richten auf Ihrem Rechner keinen Schaden an und enthalten keine Viren.\nCookies dienen dazu, unser Angebot nutzerfreundlicher, eektiver und sicherer zu\nmachen. Cookies sind kleine Textdateien, die auf Ihrem Rechner abgelegt werden\nund die Ihr Browser speichert.<\/p>\n\n\n\n<p>Die meisten der von uns verwendeten Cookies sind so genannte\n\u201cSession-Cookies\u201d . Sie werden nach Ende Ihres Besuchs automatisch gel\u00f6scht.\nAndere Cookies bleiben auf Ihrem Endger\u00e4t gespeichert bis Sie diese l\u00f6schen.\nDiese Cookies erm\u00f6glichen es uns, Ihren Browser beim n\u00e4chsten Besuch\nwiederzuerkennen.<\/p>\n\n\n\n<p>Sie k\u00f6nnen Ihren Browser so einstellen, dass Sie \u00fcber das\nSetzen von Cookies informiert werden und Cookies nur im Einzelfall erlauben, die\nAnnahme von Cookies f\u00fcr bestimmte F\u00e4lle oder generell ausschlie\u00dfen sowie das\nautomatische L\u00f6schen der Cookies beim Schlie\u00dfen des Browser aktivieren. Bei der\nDeaktivierung von Cookies kann die Funktionalit\u00e4t dieser Website eingeschr\u00e4nkt\nsein.<\/p>\n\n\n\n<p>Cookies, die zur Durchf\u00fchrung des elektronischen\nKommunikationsvorgangs oder zur Bereitstellung bestimmter, von Ihnen\nerw\u00fcnschter Funktionen (z.B. Warenkorbfunktion) erforderlich sind, werden auf\nGrundlage von Art. 6 Abs. 1 lit. f DSGVO gespeichert. Der Websitebetreiber hat\nein berechtigtes Interesse an der Speicherung von Cookies zur technisch\nfehlerfreien und optimierten Bereitstellung seiner Dienste. Soweit andere\nCookies (z.B. Cookies zur Analyse Ihres Surfverhaltens) gespeichert werden,\nwerden diese in dieser Datenschutzerkl\u00e4rung gesondert behandelt.<\/p>\n\n\n\n<p>S e r v e r &#8211; L o g- D a t eie n<\/p>\n\n\n\n<p>Der Provider der Seiten erhebt und speichert automatisch\nInformationen in so genannten Server-Log-Dateien, die Ihr Browser automatisch\nan uns \u00fcbermittelt. Dies sind:<\/p>\n\n\n\n<p>Browsertyp und Browserversion verwendetes Betriebssystem\nReferrer URL Hostname des zugreifenden Rechners Uhrzeit der Serveranfrage\nIP-Adresse Eine Zusammenf\u00fchrung dieser Daten mit anderen Datenquellen wird\nnicht vorgenommen.<\/p>\n\n\n\n<p>Grundlage f\u00fcr die Datenverarbeitung ist Art. 6 Abs. 1 lit. f\nDSGVO, der die Verarbeitung von Daten zur Erf\u00fcllung eines Vertrags oder\nvorvertraglicher Ma\u00dfnahmen gestattet.<\/p>\n","protected":false},"excerpt":{"rendered":"<p>1. D a t e ns c h u t z au f einen Blic k Allg e m eine Hinw eis e Die folgenden Hinweise geben einen einfachen \u00dcberblick dar\u00fcber, was mit Ihren personenbezogenen Daten passiert, wenn Sie unsere Website besuchen. Personenbezogene Daten sind alle Daten, mit denen Sie pers\u00f6nlich identifiziert werden k\u00f6nnen. Ausf\u00fchrliche &hellip; <\/p>\n<p class=\"link-more\"><a href=\"https:\/\/break-the-wall.de\/?page_id=116\" class=\"more-link\"><span class=\"screen-reader-text\">\u201eDatenschutzerkl\u00e4rung\u201c<\/span> weiterlesen<\/a><\/p>\n","protected":false},"author":1,"featured_media":0,"parent":0,"menu_order":0,"comment_status":"closed","ping_status":"closed","template":"","meta":{"footnotes":""},"_links":{"self":[{"href":"https:\/\/break-the-wall.de\/index.php?rest_route=\/wp\/v2\/pages\/116"}],"collection":[{"href":"https:\/\/break-the-wall.de\/index.php?rest_route=\/wp\/v2\/pages"}],"about":[{"href":"https:\/\/break-the-wall.de\/index.php?rest_route=\/wp\/v2\/types\/page"}],"author":[{"embeddable":true,"href":"https:\/\/break-the-wall.de\/index.php?rest_route=\/wp\/v2\/users\/1"}],"replies":[{"embeddable":true,"href":"https:\/\/break-the-wall.de\/index.php?rest_route=%2Fwp%2Fv2%2Fcomments&post=116"}],"version-history":[{"count":1,"href":"https:\/\/break-the-wall.de\/index.php?rest_route=\/wp\/v2\/pages\/116\/revisions"}],"predecessor-version":[{"id":118,"href":"https:\/\/break-the-wall.de\/index.php?rest_route=\/wp\/v2\/pages\/116\/revisions\/118"}],"wp:attachment":[{"href":"https:\/\/break-the-wall.de\/index.php?rest_route=%2Fwp%2Fv2%2Fmedia&parent=116"}],"curies":[{"name":"wp","href":"https:\/\/api.w.org\/{rel}","templated":true}]}}