{"id":29,"date":"2018-12-20T21:36:56","date_gmt":"2018-12-20T21:36:56","guid":{"rendered":"http:\/\/break-the-wall.de\/?page_id=29"},"modified":"2018-12-20T22:14:00","modified_gmt":"2018-12-20T22:14:00","slug":"konfliktcoaching","status":"publish","type":"page","link":"https:\/\/break-the-wall.de\/?page_id=29","title":{"rendered":"Konfliktcoaching"},"content":{"rendered":"\n<p>Sie f\u00fchren ein Gespr\u00e4ch und es kommt zu einem Konflikt. Ihr gegen\u00fcber\nversteht etwas ganz anderes als das was Sie gemeint hatten. Missverst\u00e4ndnisse\nentstehen \u2013 der Konflikt eskaliert.<\/p>\n\n\n\n<p><strong>Haben Sie sich schon\neinmal gefragt warum das so ist?<\/strong><\/p>\n\n\n\n<p><strong>Wollen Sie diese\nSituation \u00e4ndern?<\/strong><\/p>\n\n\n\n<p>Das Coaching wird individuell auf Ihre Bed\u00fcrfnisse abgestimmt. Je nach\nder akuten Situation und Ihren Bed\u00fcrfnissen werden Sie Aspekte aus\nunterschiedlichen Bereichen kennenlernen.<\/p>\n\n\n\n<ul><li>Konfliktmanagement<\/li><li>Konfliktursachen und Konfliktanalyse<\/li><li>Interessen und Bed\u00fcrfnisse wahrnehmen, benennen\n     und formulieren<\/li><li>Kommunikation und Rhetorik<\/li><li>Tools zur Konfliktvermeidung<\/li><li>Nonverbale Kommunikation<\/li><\/ul>\n\n\n\n<p>Anhand von plastischen Beispielen, Gespr\u00e4chen und Rollenspielen werden\nSie auf konkrete Situationen und Anl\u00e4sse vorbereitet oder verbessern einfach\nnur ganz allgemein ihr Konfliktmanagement.<\/p>\n\n\n\n<p>In einem unverbindlichen Vorgespr\u00e4ch kl\u00e4ren wir gemeinsam Ihre\nAnforderungen und Ziele an das Coaching. Hierbei werden Sie je nach Bedarf\nkurzfristig f\u00fcr ein paar Stunden oder \u00fcber einen l\u00e4ngeren Zeitraum begleitet\nund unterst\u00fctzt.<\/p>\n","protected":false},"excerpt":{"rendered":"<p>Sie f\u00fchren ein Gespr\u00e4ch und es kommt zu einem Konflikt. Ihr gegen\u00fcber versteht etwas ganz anderes als das was Sie gemeint hatten. Missverst\u00e4ndnisse entstehen \u2013 der Konflikt eskaliert. Haben Sie sich schon einmal gefragt warum das so ist? Wollen Sie diese Situation \u00e4ndern? Das Coaching wird individuell auf Ihre Bed\u00fcrfnisse abgestimmt. Je nach der akuten &hellip; <\/p>\n<p class=\"link-more\"><a href=\"https:\/\/break-the-wall.de\/?page_id=29\" class=\"more-link\"><span class=\"screen-reader-text\">\u201eKonfliktcoaching\u201c<\/span> weiterlesen<\/a><\/p>\n","protected":false},"author":1,"featured_media":0,"parent":0,"menu_order":0,"comment_status":"closed","ping_status":"closed","template":"","meta":{"footnotes":""},"_links":{"self":[{"href":"https:\/\/break-the-wall.de\/index.php?rest_route=\/wp\/v2\/pages\/29"}],"collection":[{"href":"https:\/\/break-the-wall.de\/index.php?rest_route=\/wp\/v2\/pages"}],"about":[{"href":"https:\/\/break-the-wall.de\/index.php?rest_route=\/wp\/v2\/types\/page"}],"author":[{"embeddable":true,"href":"https:\/\/break-the-wall.de\/index.php?rest_route=\/wp\/v2\/users\/1"}],"replies":[{"embeddable":true,"href":"https:\/\/break-the-wall.de\/index.php?rest_route=%2Fwp%2Fv2%2Fcomments&post=29"}],"version-history":[{"count":2,"href":"https:\/\/break-the-wall.de\/index.php?rest_route=\/wp\/v2\/pages\/29\/revisions"}],"predecessor-version":[{"id":78,"href":"https:\/\/break-the-wall.de\/index.php?rest_route=\/wp\/v2\/pages\/29\/revisions\/78"}],"wp:attachment":[{"href":"https:\/\/break-the-wall.de\/index.php?rest_route=%2Fwp%2Fv2%2Fmedia&parent=29"}],"curies":[{"name":"wp","href":"https:\/\/api.w.org\/{rel}","templated":true}]}}