{"id":35,"date":"2018-12-20T21:38:08","date_gmt":"2018-12-20T21:38:08","guid":{"rendered":"http:\/\/break-the-wall.de\/?page_id=35"},"modified":"2020-07-15T14:39:20","modified_gmt":"2020-07-15T14:39:20","slug":"team","status":"publish","type":"page","link":"https:\/\/break-the-wall.de\/?page_id=35","title":{"rendered":"Team"},"content":{"rendered":"\n<p>Das Mediationsteam &#8222;Break the wall&#8220; besteht aus einem Zusammenschluss von Kolleginnen und Kollegen, die \u00fcber eine abgeschlossene Mediationsausbildung (Umfang 200 Stunden) verf\u00fcgen.<\/p>\n\n\n\n<p>Unser Team vereint die unterschiedlichsten Professionen und bietet ein breites Spektrum an Erfahrungshintergrund. Dadurch finden Sie f\u00fcr jeden Konflikt die richtigen Ansprechpartner. Um Sie bestm\u00f6glich bei der Konfliktl\u00f6sung zu unterst\u00fctzen, f\u00fchren wir die Mediation nicht nur einzeln, sondern auch im Team durch.<\/p>\n\n\n\n<p>Qualit\u00e4t in der Mediation ist uns sehr wichtig. Wir bilden uns regelm\u00e4\u00dfig fort und beteiligen uns an Supervisionen und Intervisionen.<\/p>\n\n\n\n<p>Weitere Informationen zu den einzelnen Mediatorinnen und Mediatoren finden Sie unter den jeweiligen Namen hinterlegt.<\/p>\n\n\n\n<h2 class=\"wp-block-heading\">Birgit Steffens<\/h2>\n\n\n\n<figure class=\"wp-block-image\"><img loading=\"lazy\" decoding=\"async\" width=\"180\" height=\"252\" src=\"https:\/\/break-the-wall.de\/wp-content\/uploads\/2018\/12\/Birgit.png\" alt=\"\" class=\"wp-image-92\"\/><\/figure>\n\n\n\n<ul><li>Beschwerdebeauftragte im Gesundheitswesen \u2013 Schwerpunkt: Organisation und Strukturierung des Beschwerdemanagements sowie Vermittlung bei Konflikten<\/li><li>Freie Mitarbeiterin des Hamburger Instituts f\u00fcr Beschwerdemanagement (hifbm) &#8211;<br>Schwerpunkt: Zertifizierung und Konzeptentwicklung<\/li><li>Ausbildung zur Mediatorin im Institut f\u00fcr konstruktive Konfliktaustragung und Mediation&nbsp;(ikm),Hamburg<\/li><li>Fachkrankenschwester f\u00fcr An\u00e4sthesie- und Intensivpflege, langj\u00e4hrige &nbsp;interdisziplin\u00e4re T\u00e4tigkeit im Stations- und Funktionsbereich<\/li><li>Leitungst\u00e4tigkeit &nbsp;im Intensiv- und station\u00e4ren Krankenhausbereich &#8211;&nbsp;Schwerpunkt: Organisation und Vernetzung von Funktionseinheiten,&nbsp;Mitarbeiterentwicklung<\/li><\/ul>\n\n\n\n<h2 class=\"wp-block-heading\">Simon Uhle<\/h2>\n\n\n\n<figure class=\"wp-block-image\"><img loading=\"lazy\" decoding=\"async\" width=\"210\" height=\"210\" src=\"https:\/\/break-the-wall.de\/wp-content\/uploads\/2018\/12\/Simon.png\" alt=\"\" class=\"wp-image-91\" srcset=\"https:\/\/break-the-wall.de\/wp-content\/uploads\/2018\/12\/Simon.png 210w, https:\/\/break-the-wall.de\/wp-content\/uploads\/2018\/12\/Simon-150x150.png 150w, https:\/\/break-the-wall.de\/wp-content\/uploads\/2018\/12\/Simon-100x100.png 100w\" sizes=\"(max-width: 210px) 100vw, 210px\" \/><\/figure>\n\n\n\n<ul><li>Studienrat f\u00fcr die Gymnasiale Oberstufe an einem Hamburger Gymnasium<\/li><li>Studium der Sozialwissenschaften Schwerpunkt Politikwissenschaft, P\u00e4dagogik und Geographie an der Universit\u00e4t Hamburg<\/li><li>10 Jahre Quartiersmanager Jungfernstieg Hamburg<\/li><li>Langj\u00e4hrige Erfahrung als Museumsp\u00e4dagoge<\/li><li>Leiter der Medialen Geowerkstatt im &#8222;Tor zur Welt&#8220;, Hamburg<\/li><li>Coach f\u00fcr Konfliktmanagement und K\u00f6rpersprache<\/li><li>Ausbildung zum Mediator ikm, Hamburg<\/li><\/ul>\n","protected":false},"excerpt":{"rendered":"<p>Das Mediationsteam &#8222;Break the wall&#8220; besteht aus einem Zusammenschluss von Kolleginnen und Kollegen, die \u00fcber eine abgeschlossene Mediationsausbildung (Umfang 200 Stunden) verf\u00fcgen. Unser Team vereint die unterschiedlichsten Professionen und bietet ein breites Spektrum an Erfahrungshintergrund. Dadurch finden Sie f\u00fcr jeden Konflikt die richtigen Ansprechpartner. Um Sie bestm\u00f6glich bei der Konfliktl\u00f6sung zu unterst\u00fctzen, f\u00fchren wir die &hellip; <\/p>\n<p class=\"link-more\"><a href=\"https:\/\/break-the-wall.de\/?page_id=35\" class=\"more-link\"><span class=\"screen-reader-text\">\u201eTeam\u201c<\/span> weiterlesen<\/a><\/p>\n","protected":false},"author":1,"featured_media":0,"parent":0,"menu_order":0,"comment_status":"closed","ping_status":"closed","template":"","meta":{"footnotes":""},"_links":{"self":[{"href":"https:\/\/break-the-wall.de\/index.php?rest_route=\/wp\/v2\/pages\/35"}],"collection":[{"href":"https:\/\/break-the-wall.de\/index.php?rest_route=\/wp\/v2\/pages"}],"about":[{"href":"https:\/\/break-the-wall.de\/index.php?rest_route=\/wp\/v2\/types\/page"}],"author":[{"embeddable":true,"href":"https:\/\/break-the-wall.de\/index.php?rest_route=\/wp\/v2\/users\/1"}],"replies":[{"embeddable":true,"href":"https:\/\/break-the-wall.de\/index.php?rest_route=%2Fwp%2Fv2%2Fcomments&post=35"}],"version-history":[{"count":5,"href":"https:\/\/break-the-wall.de\/index.php?rest_route=\/wp\/v2\/pages\/35\/revisions"}],"predecessor-version":[{"id":128,"href":"https:\/\/break-the-wall.de\/index.php?rest_route=\/wp\/v2\/pages\/35\/revisions\/128"}],"wp:attachment":[{"href":"https:\/\/break-the-wall.de\/index.php?rest_route=%2Fwp%2Fv2%2Fmedia&parent=35"}],"curies":[{"name":"wp","href":"https:\/\/api.w.org\/{rel}","templated":true}]}}