{"id":57,"date":"2018-12-20T21:47:07","date_gmt":"2018-12-20T21:47:07","guid":{"rendered":"http:\/\/break-the-wall.de\/?page_id=57"},"modified":"2018-12-21T00:59:42","modified_gmt":"2018-12-21T00:59:42","slug":"impressum","status":"publish","type":"page","link":"https:\/\/break-the-wall.de\/?page_id=57","title":{"rendered":"Impressum"},"content":{"rendered":"\n<p><em>Angaben\ngem\u00e4\u00df \u00a7 5 TMG:<\/em><\/p>\n\n\n\n<p>Jan-Simon Uhle<br>\nRimbertweg 5c<br>\n22529 Hamburg<\/p>\n\n\n\n<p><em>Kontakt:<\/em><\/p>\n\n\n\n<p>Telefon: 040 \/ 59 45 82 52<br>\nE-Mail: info@break-the-wall.de<\/p>\n\n\n\n<p><em>Streitschlichtung<\/em><\/p>\n\n\n\n<p>Wir sind nicht bereit oder verpflichtet,\nan Streitbeilegungsverfahren vor einer Verbraucherschlichtungsstelle\nteilzunehmen.<\/p>\n\n\n\n<p><em>Haftung\nf\u00fcr Inhalte<\/em><\/p>\n\n\n\n<p>Als Diensteanbieter sind wir gem\u00e4\u00df \u00a7 7\nAbs.1 TMG f\u00fcr eigene Inhalte auf diesen Seiten nach den allgemeinen Gesetzen\nverantwortlich. Nach \u00a7\u00a7 8 bis 10 TMG sind wir als Diensteanbieter jedoch nicht\nverpflichtet, \u00fcbermittelte oder gespeicherte fremde Informationen zu \u00fcberwachen\noder nach Umst\u00e4nden zu forschen, die auf eine rechtswidrige T\u00e4tigkeit\nhinweisen.<\/p>\n\n\n\n<p>Verpflichtungen zur Entfernung oder\nSperrung der Nutzung von Informationen nach den allgemeinen Gesetzen bleiben\nhiervon unber\u00fchrt. Eine diesbez\u00fcgliche Haftung ist jedoch erst ab dem Zeitpunkt\nder Kenntnis einer konkreten Rechtsverletzung m\u00f6glich. Bei Bekanntwerden von\nentsprechenden Rechtsverletzungen werden wir diese Inhalte umgehend entfernen.<\/p>\n\n\n\n<p><em>Haftung\nf\u00fcr Links<\/em><\/p>\n\n\n\n<p>Unser Angebot enth\u00e4lt Links zu externen\nWebsites Dritter, auf deren Inhalte wir keinen Einfluss haben. Deshalb k\u00f6nnen\nwir f\u00fcr diese fremden Inhalte auch keine Gew\u00e4hr \u00fcbernehmen. F\u00fcr die Inhalte der\nverlinkten Seiten ist stets der jeweilige Anbieter oder Betreiber der Seiten\nverantwortlich. Die verlinkten Seiten wurden zum Zeitpunkt der Verlinkung auf\nm\u00f6gliche Rechtsverst\u00f6\u00dfe \u00fcberpr\u00fcft. Rechtswidrige Inhalte waren zum Zeitpunkt\nder Verlinkung nicht erkennbar.<\/p>\n\n\n\n<p>Eine permanente inhaltliche Kontrolle der\nverlinkten Seiten ist jedoch ohne konkrete Anhaltspunkte einer Rechtsverletzung\nnicht zumutbar. Bei Bekanntwerden von Rechtsverletzungen werden wir derartige\nLinks umgehend entfernen.<\/p>\n\n\n\n<p><em>Urheberrecht<\/em><\/p>\n\n\n\n<p>Die durch die Seitenbetreiber erstellten\nInhalte und Werke auf diesen Seiten unterliegen dem deutschen Urheberrecht. Die\nVervielf\u00e4ltigung, Bearbeitung, Verbreitung und jede Art der Verwertung\nau\u00dferhalb der Grenzen des Urheberrechtes bed\u00fcrfen der schriftlichen Zustimmung\ndes jeweiligen Autors bzw. Erstellers. Downloads und Kopien dieser Seite sind\nnur f\u00fcr den privaten, nicht kommerziellen Gebrauch gestattet.<\/p>\n\n\n\n<p>Soweit die Inhalte auf dieser Seite nicht\nvom Betreiber erstellt wurden, werden die Urheberrechte Dritter beachtet.\nInsbesondere werden Inhalte Dritter als solche gekennzeichnet. Sollten Sie\ntrotzdem auf eine Urheberrechtsverletzung aufmerksam werden, bitten wir um\neinen entsprechenden Hinweis. Bei Bekanntwerden von Rechtsverletzungen werden\nwir derartige Inhalte umgehend entfernen.<\/p>\n\n\n\n<p><br><\/p>\n","protected":false},"excerpt":{"rendered":"<p>Angaben gem\u00e4\u00df \u00a7 5 TMG: Jan-Simon Uhle Rimbertweg 5c 22529 Hamburg Kontakt: Telefon: 040 \/ 59 45 82 52 E-Mail: info@break-the-wall.de Streitschlichtung Wir sind nicht bereit oder verpflichtet, an Streitbeilegungsverfahren vor einer Verbraucherschlichtungsstelle teilzunehmen. Haftung f\u00fcr Inhalte Als Diensteanbieter sind wir gem\u00e4\u00df \u00a7 7 Abs.1 TMG f\u00fcr eigene Inhalte auf diesen Seiten nach den allgemeinen &hellip; <\/p>\n<p class=\"link-more\"><a href=\"https:\/\/break-the-wall.de\/?page_id=57\" class=\"more-link\"><span class=\"screen-reader-text\">\u201eImpressum\u201c<\/span> weiterlesen<\/a><\/p>\n","protected":false},"author":1,"featured_media":0,"parent":0,"menu_order":0,"comment_status":"closed","ping_status":"closed","template":"","meta":{"footnotes":""},"_links":{"self":[{"href":"https:\/\/break-the-wall.de\/index.php?rest_route=\/wp\/v2\/pages\/57"}],"collection":[{"href":"https:\/\/break-the-wall.de\/index.php?rest_route=\/wp\/v2\/pages"}],"about":[{"href":"https:\/\/break-the-wall.de\/index.php?rest_route=\/wp\/v2\/types\/page"}],"author":[{"embeddable":true,"href":"https:\/\/break-the-wall.de\/index.php?rest_route=\/wp\/v2\/users\/1"}],"replies":[{"embeddable":true,"href":"https:\/\/break-the-wall.de\/index.php?rest_route=%2Fwp%2Fv2%2Fcomments&post=57"}],"version-history":[{"count":3,"href":"https:\/\/break-the-wall.de\/index.php?rest_route=\/wp\/v2\/pages\/57\/revisions"}],"predecessor-version":[{"id":110,"href":"https:\/\/break-the-wall.de\/index.php?rest_route=\/wp\/v2\/pages\/57\/revisions\/110"}],"wp:attachment":[{"href":"https:\/\/break-the-wall.de\/index.php?rest_route=%2Fwp%2Fv2%2Fmedia&parent=57"}],"curies":[{"name":"wp","href":"https:\/\/api.w.org\/{rel}","templated":true}]}}